{"id":130,"date":"2019-02-25T09:11:14","date_gmt":"2019-02-25T08:11:14","guid":{"rendered":"http:\/\/latetdanslesetoiles.com\/?page_id=130"},"modified":"2020-08-14T20:48:15","modified_gmt":"2020-08-14T18:48:15","slug":"programme-canet-lyrique-festival-2018-1ere-edition","status":"publish","type":"page","link":"https:\/\/latetdanslesetoiles.com\/index.php\/programme-canet-lyrique-festival-2018-1ere-edition\/","title":{"rendered":"2e \u00c9dition"},"content":{"rendered":"\n<p><strong>14 septembre 2019 \u00e0 l&rsquo;Arboretum du Mas Roussillon, Canet-en-Roussillon<\/strong><\/p>\n\n\n\n<figure class=\"wp-block-image\"><img loading=\"lazy\" width=\"1024\" height=\"512\" src=\"http:\/\/latetdanslesetoiles.com\/wp-content\/uploads\/2019\/08\/arboretum-1024x512.jpg\" alt=\"\" class=\"wp-image-198\" srcset=\"https:\/\/latetdanslesetoiles.com\/wp-content\/uploads\/2019\/08\/arboretum-1024x512.jpg 1024w, https:\/\/latetdanslesetoiles.com\/wp-content\/uploads\/2019\/08\/arboretum-300x150.jpg 300w, https:\/\/latetdanslesetoiles.com\/wp-content\/uploads\/2019\/08\/arboretum-768x384.jpg 768w, https:\/\/latetdanslesetoiles.com\/wp-content\/uploads\/2019\/08\/arboretum.jpg 1200w\" sizes=\"(max-width: 1024px) 100vw, 1024px\" \/><figcaption>Arboretum Mas Roussillon &#8211; Canet-en-Roussillon<\/figcaption><\/figure>\n\n\n\n<p>\u00c0 20&nbsp;h&nbsp;30, des \u00e9tudiants du <strong>Conservatoire Montserrat Caball\u00e9 <\/strong>(Perpignan) offriront un programme original de <strong>pi\u00e8ces pour piano et pour  violoncelle<\/strong>.<\/p>\n\n\n\n<p>En seconde partie, le <strong>Quintette Feli\u00e7 Amassat<\/strong> compos\u00e9 d\u2019<strong>Alain Moglia<\/strong> (violon), <strong>Benjamin Viguier<\/strong> (violon), <strong>Diane Dubon<\/strong> (alto), <strong>Aude Massat <\/strong>(alto) et <strong>Isabelle Nazon<\/strong> (violoncelle) proposera des \u00e9tudes et fantaisies pour violoncelle d\u2019Offenbach ainsi que des arrangements de ses \u0153uvres pour quatuor ou quintette \u00e0 cordes.<\/p>\n\n\n\n<p>Apr\u00e8s un bref entracte, <strong><a href=\"http:\/\/www.helena-riols.webnode.fr\">H\u00e9l\u00e9na Riols<\/a><\/strong> (piano) et <strong><a href=\"http:\/\/www.rodriguez-sarah.webnode.fr\">Sarah Rodriguez<\/a><\/strong> (soprano) interpr\u00e9teront des \u00e9tudes et fantaisies pour violoncelle d\u2019Offenbach ainsi que des arrangements de ses \u0153uvres lyriques pour quatuor et quintette \u00e0 cordes. \u00bb par \u00ab des extraits et des ouvertures d\u2019op\u00e9ras d\u2019Offenbach (<em>La Vie parisienne<\/em>,&nbsp;<em>La Rose de Saint-Flour<\/em>,&nbsp;<em>La Belle H\u00e9l\u00e8ne<\/em>,&nbsp;<em>Orph\u00e9e aux enfers<\/em>,&nbsp;<em>Barbe bleue<\/em>&nbsp;et&nbsp;<em>La Fille du tambour-major<\/em>). Le <strong>Quintette Feli\u00e7 Amassat<\/strong> les rejoindra pour le finale cl\u00f4turant le concert.<\/p>\n\n\n\n<h2>Le saviez-vous ?<\/h2>\n\n\n\n<p class=\"has-background has-normal-font-size has-cyan-bluish-gray-background-color\"><strong>\u00c9ternelle barcarolle d\u2019Offenbach<\/strong><br>Si Jacques Offenbach a compos\u00e9 de nombreuses barcarolles, nulle n\u2019est aussi c\u00e9l\u00e8bre que la <strong>barcarolle des <em>Contes d\u2019Hoffmann<\/em><\/strong><em>. <\/em>Or, la m\u00e9lodie de cette derni\u00e8re est bien ant\u00e9rieure aux <em>Contes d\u2019Hoffmann<\/em>, op\u00e9ra fantastique cr\u00e9\u00e9 \u00e0 titre posthume le 10\u00a0f\u00e9vrier\u00a01881 \u00e0 l\u2019Op\u00e9ra-Comique. Il s\u2019agit en effet d\u2019une adaptation du ch\u0153ur des elfes (\u00ab\u00a0Komm\u2019 zu uns\u00a0\u00bb) de l\u2019acte\u00a0III de <em>Die Rheinnixen<\/em> (<em>Les F\u00e9es du Rhin<\/em>), un op\u00e9ra romantique en trois actes d\u2019Offenbach cr\u00e9\u00e9 le 4\u00a0f\u00e9vrier\u00a01864 \u00e0 l\u2019Hofoperntheater de Vienne. La m\u00e9lodie de ce ch\u0153ur est aussi expos\u00e9e dans l\u2019ouverture de l\u2019\u0153uvre (interpr\u00e9t\u00e9e <a href=\"https:\/\/www.youtube.com\/watch?v=UvNxuFRzI9s\">ici<\/a> en 2010 par l\u2019orchestre philharmonique de Vienne, sous la direction de Georges Pr\u00eatre).<br>L\u2019histoire de cette m\u00e9lodie ne s\u2019arr\u00eate pas l\u00e0. D\u00e8s 1881, <strong>Fritz Spindler<\/strong> \u00e9crit une version pour piano de la barcarolle puis, en 1910, <strong>Moritz Moszkowski<\/strong> compose une <a href=\"https:\/\/www.youtube.com\/watch?v=rhTixBl0Soc\">transcription de la <strong>barcarolle des <em>Contes d\u2019Hoffmann<\/em><\/strong> pour piano<\/a>. Quelques d\u00e9cennies plus tard, elle inspire au compositeur britannique <strong>Kaikhosru Shapurji Sorabji<\/strong> sa <em>Passeggiata veneziana sopra la Barcarola di Offenbach<\/em> (1956) et <strong>Elvis Presley<\/strong> en interpr\u00e8te une version nettement plus swing (\u00ab\u00a0<a href=\"https:\/\/www.youtube.com\/watch?v=YGi3FMcki-o\">Tonight is so right for Love<\/a>\u00a0\u00bb) dans le film <em>G.I. Blues<\/em> (1960). Plus r\u00e9cemment, la barcarolle des <em>Contes d\u2019Hoffmann<\/em> a \u00e9t\u00e9 reprise dans la bande originale de plusieurs films dont <strong><em>La vita \u00e8 bella<\/em> <\/strong>(1997) de Roberto Benigni et <strong><em>Midnight in Paris<\/em><\/strong> (2011) de Woody Allen.<\/p>\n\n\n\n<p><\/p>\n\n\n\n<p><\/p>\n\n\n\n<p><\/p>\n","protected":false},"excerpt":{"rendered":"<p>14 septembre 2019 \u00e0 l&rsquo;Arboretum du Mas Roussillon, Canet-en-Roussillon \u00c0 20&nbsp;h&nbsp;30, des<a class=\"blog-post-excerpt-more\" href=\"https:\/\/latetdanslesetoiles.com\/index.php\/programme-canet-lyrique-festival-2018-1ere-edition\/\" rel=\"bookmark\"><i class=\"fa fa-angle-double-right\"><\/i><\/a><\/p>\n","protected":false},"author":1,"featured_media":0,"parent":0,"menu_order":0,"comment_status":"closed","ping_status":"closed","template":"page-templates\/page-full-width.php","meta":[],"_links":{"self":[{"href":"https:\/\/latetdanslesetoiles.com\/index.php\/wp-json\/wp\/v2\/pages\/130"}],"collection":[{"href":"https:\/\/latetdanslesetoiles.com\/index.php\/wp-json\/wp\/v2\/pages"}],"about":[{"href":"https:\/\/latetdanslesetoiles.com\/index.php\/wp-json\/wp\/v2\/types\/page"}],"author":[{"embeddable":true,"href":"https:\/\/latetdanslesetoiles.com\/index.php\/wp-json\/wp\/v2\/users\/1"}],"replies":[{"embeddable":true,"href":"https:\/\/latetdanslesetoiles.com\/index.php\/wp-json\/wp\/v2\/comments?post=130"}],"version-history":[{"count":25,"href":"https:\/\/latetdanslesetoiles.com\/index.php\/wp-json\/wp\/v2\/pages\/130\/revisions"}],"predecessor-version":[{"id":728,"href":"https:\/\/latetdanslesetoiles.com\/index.php\/wp-json\/wp\/v2\/pages\/130\/revisions\/728"}],"wp:attachment":[{"href":"https:\/\/latetdanslesetoiles.com\/index.php\/wp-json\/wp\/v2\/media?parent=130"}],"curies":[{"name":"wp","href":"https:\/\/api.w.org\/{rel}","templated":true}]}}