{"id":1377,"date":"2022-09-24T12:00:45","date_gmt":"2022-09-24T10:00:45","guid":{"rendered":"http:\/\/latetdanslesetoiles.com\/?page_id=1377"},"modified":"2022-09-24T12:00:45","modified_gmt":"2022-09-24T10:00:45","slug":"4e-edition","status":"publish","type":"page","link":"https:\/\/latetdanslesetoiles.com\/index.php\/4e-edition\/","title":{"rendered":"4e \u00e9dition"},"content":{"rendered":"\n<h1><a><strong>Samedi 21&nbsp;ao\u00fbt<\/strong><\/a><a><\/a><strong>, Lac des Bouillouses<\/strong><a><\/a><\/h1>\n\n\n\n<h2>17&nbsp;heures<a><\/a><a>&nbsp;<\/a>:<strong>Saint-Sa\u00ebns,<a> <\/a><\/strong><strong>concert du centenaire <\/strong><a href=\"#_msocom_1\">[Florence 1]<\/a>&nbsp;<\/h2>\n\n\n\n<p><a><\/a><a><\/a><strong>Soliste&nbsp;: C\u00e9cile Roubin,<em> violon<\/em><\/strong><\/p>\n\n\n\n<p><strong>Op\u00e9ra Volubilis Orquestra<\/strong><\/p>\n\n\n\n<p>Saint-Sa\u00ebns est un des compositeurs qui ont marqu\u00e9 l\u2019\u00e9poque postromantique. Pour le centenaire de sa disparition, l\u2019Op\u00e9ra Volubilis Orquestra <em>propose de savourer des \u0153uvres connues ou moins connues du compositeur, dont quelques p\u00e9pites inattendues. <\/em>Ce concert constitue le premier volet de <em>Saint-Sa\u00ebns, une c\u00e9l\u00e9bration en trois mouvements <\/em>(cr\u00e9ation Volubilis 2021).<\/p>\n\n\n\n<p><strong>Avec&nbsp;:<\/strong><\/p>\n\n\n\n<p>Benjamin Viguier, Lucie Carton, M\u00e9lanie Grivaut, C\u00e9cile Subirana, Audrey Irles et Justine Vicens, <em>violon&nbsp;; <\/em>Diane Dubon, Aude Massat et Sylvia Blondeau, <em>alto&nbsp;; <\/em>Isabelle Massat-Nazon et M\u00e9lody Giot, <em>violoncelle&nbsp;; <\/em>Emma Folcher, <em>contrebasse<\/em><\/p>\n\n\n\n<h1><a><\/a><a><\/a><strong>Samedi 28&nbsp;ao\u00fbt, Villefranche-de-Conflent<a><\/a><a><\/a>, \u00e9glise Saint-Jacques<\/strong><\/h1>\n\n\n\n<h2><strong>19&nbsp;heures&nbsp;: CONCERT<\/strong><\/h2>\n\n\n\n<h3>Premi\u00e8re partie&nbsp;: <strong>duo violoncelle et guitare<\/strong><\/h3>\n\n\n\n<p><strong>M\u00e9lody Giot, <em>violoncelle<\/em><\/strong><\/p>\n\n\n\n<p><strong>Pascal Goze, <em>guitare<\/em><\/strong><\/p>\n\n\n\n<p>Ce duo propose un floril\u00e8ge de musiques classiques et populaires venues des deux rives de l\u2019Atlantique (Espagne France, Cuba, Argentine).<\/p>\n\n\n\n<p>Programme&nbsp;: <strong>Burgmuller, <em>Nocturne&nbsp;<\/em>; Manuel de Falla, <em>Siete<\/em> <\/strong><strong><em>canciones populares espa\u00f1olas<\/em>&nbsp;<\/strong><strong>: \u00ab&nbsp;El pa\u00f1o moruno&nbsp;\u00bb, <\/strong><strong>\u00ab&nbsp;Nana&nbsp;\u00bb&nbsp;; Enrique Granados, <em>Danzas espa\u00f1olas&nbsp;: <\/em>\u00ab&nbsp;Andaluza&nbsp;\u00bb; Maximo Diego Pujol, <em>Aires candomberos&nbsp;<\/em>: \u00ab&nbsp;Nubes de Buenos Aires&nbsp;\u00bb&nbsp;; Heitor Villa-Lobos&nbsp;: <em>Bachianas brasileiras<\/em>, no&nbsp;5&nbsp;; Gabriel Faur\u00e9&nbsp;: <em>Apr\u00e8s un r\u00eave<\/em>&nbsp;; Stanley Myers&nbsp;: <em>Cavatine<\/em>.<\/strong><\/p>\n\n\n\n<h3>DEUXIEME PARTIE&nbsp;:<strong> BACH, Mozart, Beethoven <\/strong>(<em>Filiaci\u00f3<\/em>, op.&nbsp;1)<\/h3>\n\n\n\n<p>Cr\u00e9ation Op\u00e9ra Volubilis&nbsp;2021<\/p>\n\n\n\n<p><a><\/a><a><\/a><a><strong>Op\u00e9ra Volubilis Orquestra<\/strong><\/a><\/p>\n\n\n\n<p>N\u00e9s \u00e0 quatorze ans d\u2019intervalle, l\u2019un \u00e0 Salzbourg, l\u2019autre \u00e0 Bonn, Mozart et Beethoven ne se rencontr\u00e8rent jamais, mais de nombreux points communs les unissent. Beethoven admirait Mozart et tout deux \u00e9prouvaient une profonde admiration pour Bach. C\u2019est cette filiation que l\u2019Op\u00e9ra Volubilis Orquestra souhaite \u00e9voquer \u00e0 travers <em>Filiaci\u00f3<\/em>, programme \u00e9volutif dont voici le premier volet.<\/p>\n\n\n\n<p><strong>Avec&nbsp;:<\/strong><\/p>\n\n\n\n<p>Benjamin Viguier, Lucie Carton, M\u00e9lanie Grivaut, C\u00e9cile Subirana, Audrey Irles et Justine Vicens, <em>violon&nbsp;; <\/em>Diane Dubon, Aude Massat et Sylvia Blondeau, <em>alto&nbsp;; <\/em>Isabelle Massat-Nazon et M\u00e9lody Giot, <em>violoncelle&nbsp;; <\/em>Emma Folcher, <em>contrebasse<\/em><\/p>\n\n\n\n<p><a><\/a>Pr\u00e9sentation du programme&nbsp;: Florence Guillemat-Szarvas<\/p>\n\n\n\n<h1><a><\/a><a><strong>Samedi 4&nbsp;septembre<\/strong><\/a><a><\/a><a><\/a><strong>, <\/strong><strong>Bompas<\/strong><strong>, Mas Pams<\/strong><\/h1>\n\n\n\n<h2><a><\/a>17&nbsp;heures&nbsp;: <strong>Quand la Goutte d\u2019O (saison&nbsp;2)<\/strong> <strong>par Fabien Portes<\/strong><\/h2>\n\n\n\n<p>Cr\u00e9ation acousmatique, commande du festival.<\/p>\n\n\n\n<p>Fabien Portes a entrepris de longer la T\u00eat depuis la source. R\u00e9alisant des installations, r\u00e9coltant des photos, notant des impressions, enregistrant des sons, il a cr\u00e9\u00e9 des \u0153uvres acousmatiques inspir\u00e9es de ces exp\u00e9riences&nbsp;: <em>Quand la goutte d\u2019O<\/em> est l\u2019une d\u2019elles.<\/p>\n\n\n\n<h2>21&nbsp;heures, r\u00e9cital&nbsp;: <strong>L\u2019op\u00e9ra au fil du temps <\/strong><strong>Cr\u00e9ation Op\u00e9ra Volubilis&nbsp;2021<\/strong><\/h2>\n\n\n\n<p><strong>Aurore Bureau, <em>mezzo-soprano<\/em><\/strong><\/p>\n\n\n\n<h3><strong>Op\u00e9ra Volubilis Orquestra<\/strong><\/h3>\n\n\n\n<p>Pour sa deuxi\u00e8me participation au festival, qui est aussi sa deuxi\u00e8me collaboration avec l\u2019orchestre,&nbsp; Aurore Bureau partagera avec le public de grands airs du r\u00e9pertoire, de Vivaldi \u00e0 Tcha\u00efkovski, en passant par Mozart et de grands classiques du bel canto (Donizetti, Rossini, Verdi, Mascagni).<\/p>\n\n\n\n<p>En deuxi\u00e8me partie, orchestre et soliste rendront un hommage particulier \u00e0 Saint-Sa\u00ebns avec des extraits de <em>Samson et Dalila<\/em> et de <em>La Princesse jaune<\/em>, op\u00e9ra dans lequel Aurore interpr\u00e9tera prochainement le r\u00f4le de L\u00e9na (cr\u00e9ation Op\u00e9ra Volubilis 2022).<\/p>\n\n\n\n<p><strong>Avec&nbsp;<\/strong><em>:<\/em><\/p>\n\n\n\n<p>Benjamin Viguier, Lucie Carton, M\u00e9lanie Grivaut, C\u00e9cile Subirana, Audrey Irles et Justine Vicens, <em>violon<\/em>&nbsp;; Diane Dubon, Aude Massat et Sylvia Blondeau, <em>alto<\/em>&nbsp;; Isabelle Massat-Nazon et M\u00e9lody Giot, <em>violoncelle<\/em>&nbsp;; Emma Folcher, <em>contrebasse<\/em><\/p>\n\n\n\n<h1><a><\/a><a><strong>Vendredi 10&nbsp;septembre, Canet-en-Roussillon, Arboretum<\/strong><\/a><\/h1>\n\n\n\n<h2>&nbsp;<\/h2>\n\n\n\n<h2>21&nbsp;heures&nbsp;: <strong>Saint-Sa\u00ebns, concert du centenaire<\/strong><\/h2>\n\n\n\n<p><strong><em>Soliste&nbsp;: C\u00e9cile Roubin, violon<\/em><\/strong><\/p>\n\n\n\n<p><strong>Op\u00e9ra Volubilis Orquestra<\/strong><\/p>\n\n\n\n<p>Ce programme constitue le premier volet de <em>Saint-Sa\u00ebns, une c\u00e9l\u00e9bration en trois mouvements<\/em> (cr\u00e9ation Volubilis 2021). Saint-Sa\u00ebns est un des compositeurs qui ont marqu\u00e9 l\u2019\u00e9poque postromantique. Pour le centenaire de sa disparition, l\u2019Op\u00e9ra Volubilis Orquestra propose de savourer des \u0153uvres orchestrales connues ou moins connues du compositeur, dont quelques p\u00e9pites inattendues. Les \u0153uvres seront pr\u00e9sent\u00e9es au public.<\/p>\n\n\n\n<p>Ce concert marque la premi\u00e8re collaboration de C\u00e9cile Roubin avec l\u2019Op\u00e9ra Volubilis Orquestra.<\/p>\n\n\n\n<p><strong>Avec&nbsp;: <\/strong>Benjamin Viguier, Lucie Carton, M\u00e9lanie Grivaut, C\u00e9cile Subirana, Audrey Irles et Justine Vicens, <em>violon<\/em>&nbsp;; Diane Dubon, Aude Massat et Sylvia Blondeau, <em>alto<\/em>&nbsp;; Isabelle Massat-Nazon et M\u00e9lody Giot, <em>violoncelle<\/em>&nbsp;; Emma Folcher, <em>contrebasse<\/em><\/p>\n\n\n\n<p>Pr\u00e9sentation du programme&nbsp;: Florence Guillemat-Szarvas<\/p>\n\n\n\n<h1><strong>Samedi 11&nbsp;septembre<\/strong><a><\/a><a><\/a><strong>, Canet-en-Roussillon<\/strong><\/h1>\n\n\n\n<h1><a><\/a><strong>\u00c9glise Saint-Jacques<\/strong><\/h1>\n\n\n\n<h2><a><\/a><a><\/a><a><\/a><a><\/a><a><\/a><a><\/a>11&nbsp;heures, <strong>CONCERT DE L\u2019ORCHESTRE INTERGENERATIONNEL<\/strong><\/h2>\n\n\n\n<p>Cr\u00e9\u00e9 sous l\u2019\u00e9gide de l\u2019association D\u00e9couv\u2019Art (Al\u00e9nya), cet orchestre est ouvert aux \u00e9l\u00e8ves des \u00e9coles de musique et aux amateurs de notre r\u00e9gion. Les professeurs participent \u00e9galement \u00e0 cet ensemble dirig\u00e9 par Aude Massat.<\/p>\n\n\n\n<h2><a><\/a>17&nbsp;heures&nbsp;: <strong>MOZART SACR\u00c9, Mozart profane<\/strong><\/h2>\n\n\n\n<p><strong>Sarah Rodriguez, <em>soprano<\/em><\/strong><\/p>\n\n\n\n<p><strong>Diane Omer, <em>orgue<\/em><\/strong><\/p>\n\n\n\n<p>Apr\u00e8s avoir enchant\u00e9 le public du festival dans le cadre de l\u2019Astrolabe puis dans un programme Offenbach, Sarah se produira pour la troisi\u00e8me dans le cadre du festival avec un programme enti\u00e8rement consacr\u00e9 \u00e0 Mozart. Outre des airs sacr\u00e9s bien connus (\u00ab&nbsp;Laudate Dominum&nbsp;\u00bb, \u00ab&nbsp;Et incarnatus est&nbsp;\u00bb, \u00ab&nbsp;Exsultate, jubilate&nbsp;\u00bb), la jeune soprano et sa complice nous feront savourer des arias suaves (air de Zaide), \u00e9mouvantes (air de Pamina) et virtuoses (\u00ab&nbsp;Vorrei spiergarvi O Dio&nbsp;\u00bb) ainsi que deux lieder.<\/p>\n\n\n\n<p><strong>Arboretum du Mas Roussillon<\/strong><\/p>\n\n\n\n<h2><a><\/a><a>21&nbsp;heures<\/a><a><\/a><a>, r\u00e9cital<\/a>&nbsp;: <strong>Carte blanche au t\u00c9nor<\/strong> <strong>Alexandre Guerrero<\/strong><\/h2>\n\n\n\n<p><strong>Alexandre Guerrero, <em>t\u00e9nor<\/em><\/strong><\/p>\n\n\n\n<p><strong>St\u00e9phanie Fontanarosa, <em>piano<\/em><\/strong><\/p>\n\n\n\n<p><em>Habitu\u00e9 \u00e0 se produire en r\u00e9citals dans le monde entier, le t\u00e9nor catalan nous propose un r\u00e9cital original compos\u00e9 d\u2019airs d\u2019op\u00e9ra fran\u00e7ais, russes, italiens et espagnols (La Traviata, Mireille, Le Chanteur de Mexico, Don Giovanni, Lucia di Lammermoor, La Veuve joyeuse\u2026) ainsi que des m\u00e9lodies fran\u00e7aises, napolitaines et italiennes, pour parcourir l\u2019art du belcanto \u00e0 travers les airs les plus familiers du grand r\u00e9pertoire des t\u00e9nors.<\/em><\/p>\n\n\n\n<h1>&nbsp;<\/h1>\n\n\n\n<hr class=\"wp-block-separator has-alpha-channel-opacity\"\/>\n\n\n\n<p><a id=\"_msocom_1\"><\/a><\/p>\n","protected":false},"excerpt":{"rendered":"<p>Samedi 21&nbsp;ao\u00fbt, Lac des Bouillouses 17&nbsp;heures&nbsp;:Saint-Sa\u00ebns, concert du centenaire [Florence 1]&nbsp; Soliste&nbsp;:<a class=\"blog-post-excerpt-more\" href=\"https:\/\/latetdanslesetoiles.com\/index.php\/4e-edition\/\" rel=\"bookmark\"><i class=\"fa fa-angle-double-right\"><\/i><\/a><\/p>\n","protected":false},"author":1,"featured_media":1026,"parent":0,"menu_order":0,"comment_status":"closed","ping_status":"closed","template":"","meta":[],"_links":{"self":[{"href":"https:\/\/latetdanslesetoiles.com\/index.php\/wp-json\/wp\/v2\/pages\/1377"}],"collection":[{"href":"https:\/\/latetdanslesetoiles.com\/index.php\/wp-json\/wp\/v2\/pages"}],"about":[{"href":"https:\/\/latetdanslesetoiles.com\/index.php\/wp-json\/wp\/v2\/types\/page"}],"author":[{"embeddable":true,"href":"https:\/\/latetdanslesetoiles.com\/index.php\/wp-json\/wp\/v2\/users\/1"}],"replies":[{"embeddable":true,"href":"https:\/\/latetdanslesetoiles.com\/index.php\/wp-json\/wp\/v2\/comments?post=1377"}],"version-history":[{"count":1,"href":"https:\/\/latetdanslesetoiles.com\/index.php\/wp-json\/wp\/v2\/pages\/1377\/revisions"}],"predecessor-version":[{"id":1378,"href":"https:\/\/latetdanslesetoiles.com\/index.php\/wp-json\/wp\/v2\/pages\/1377\/revisions\/1378"}],"wp:featuredmedia":[{"embeddable":true,"href":"https:\/\/latetdanslesetoiles.com\/index.php\/wp-json\/wp\/v2\/media\/1026"}],"wp:attachment":[{"href":"https:\/\/latetdanslesetoiles.com\/index.php\/wp-json\/wp\/v2\/media?parent=1377"}],"curies":[{"name":"wp","href":"https:\/\/api.w.org\/{rel}","templated":true}]}}