{"id":1536,"date":"2024-06-16T16:03:56","date_gmt":"2024-06-16T14:03:56","guid":{"rendered":"https:\/\/latetdanslesetoiles.com\/?page_id=1536"},"modified":"2024-06-16T16:03:56","modified_gmt":"2024-06-16T14:03:56","slug":"6e-edition-2","status":"publish","type":"page","link":"https:\/\/latetdanslesetoiles.com\/index.php\/6e-edition-2\/","title":{"rendered":"6e \u00e9dition"},"content":{"rendered":"\n<p id=\"block-bad9502e-1c78-4eee-bd62-0ef3181a4e64\"><br>Dimanche, 3&nbsp;septembre<\/p>\n\n\n\n<p id=\"block-b163a3ee-4089-4de5-a87e-bde051ff8b92\">Angoustrine-Villeneuve-des-Escaldes, \u00e9glise paroissiale Saint-Andr\u00e9, 17&nbsp;heures<\/p>\n\n\n\n<p id=\"block-55f2f2e7-0de1-4c2d-bf5f-f2f67857f3ba\">Tarifs : de 12 \u00e0 15 \u20ac<\/p>\n\n\n\n<figure class=\"wp-block-image\" id=\"block-4476087b-c88e-4ab0-af18-5953af786c34\"><img src=\"http:\/\/latetdanslesetoiles.com\/wp-content\/uploads\/2023\/06\/P.-Cornier-et-Bogen-Quartet-2-1.jpg\" alt=\"L\u2019attribut alt de cette image est vide, son nom de fichier est P.-Cornier-et-Bogen-Quartet-2-1.jpg.\"\/><\/figure>\n\n\n\n<h3 id=\"block-e26cfbcc-2df3-435c-a7de-c271d66fb667\"><strong>F\u00caTE \u00c0 VENISE<\/strong><\/h3>\n\n\n\n<p>Ce bloc contient du contenu non valide ou inattendu.<\/p>\n\n\n\n<p>Tentative de r\u00e9cup\u00e9ration du bloc<\/p>\n\n\n\n<p>Ce concert d\u2019ouverture de la 6<sup>e<\/sup>&nbsp;\u00e9diton du festival r\u00e9unira cinq artistes de la r\u00e9gion n\u00eemoise. Le guitariste&nbsp;<strong>Philippe Cornier<\/strong>&nbsp;a pens\u00e9 ce programme comme un carnaval v\u00e9nitien, festif et color\u00e9. En compagnie du&nbsp;<strong>Bogen Quartet<\/strong>, il interpr\u00e9tera deux concertos d\u2019Antonio Vivaldi, initialement \u00e9crits pour le luth, et le tr\u00e8s virtuose premier concerto pour guitare de Mauro Giuliani. Le quatuor interpr\u00e9tera seul le Concerto pour la nuit de No\u00ebl de Corelli, tandis que Philippe Cornier offrira au public un solo de guitare surprise.<\/p>\n\n\n\n<p id=\"block-12060a6a-404b-4ee9-8cfb-dbc95b44078e\"><strong>Interpr\u00e8tes<\/strong><\/p>\n\n\n\n<p id=\"block-1ee68226-2c2f-4f8e-8240-a40c4d4eeded\"><strong>Philippe Cornier<\/strong>, guitare<\/p>\n\n\n\n<p id=\"block-d829f380-83bc-41ba-9a3a-c4a2b347cb5c\"><strong>Bogen Quartet<\/strong><\/p>\n\n\n\n<p id=\"block-8ce7674c-a383-4941-98b2-687e2a39c014\">&nbsp;&nbsp;&nbsp;&nbsp;&nbsp;&nbsp; Norbert De Jesus Pires, violon<\/p>\n\n\n\n<p id=\"block-ff3b57b5-a74b-4569-95d1-ef01203f39e6\">&nbsp;&nbsp;&nbsp;&nbsp;&nbsp;&nbsp; B\u00e9r\u00e9nice Dussaud, violon<\/p>\n\n\n\n<p id=\"block-f97ab650-ef70-4c3e-b5c7-bb0ff60774bf\">&nbsp;&nbsp;&nbsp;&nbsp;&nbsp;&nbsp; Fran\u00e7ois Durand, alto<\/p>\n\n\n\n<p id=\"block-1577362f-2c1f-4c16-9341-8aa2effeaa42\">&nbsp;&nbsp;&nbsp;&nbsp;&nbsp; C\u00e9line Dussaud, violoncelle<\/p>\n\n\n\n<p id=\"block-ab0412a3-0f15-4f55-a283-92c624f7fbe1\"><strong>Programme<\/strong><\/p>\n\n\n\n<p id=\"block-529c8fb1-10ed-469f-9c5d-ea3e6b3670ed\">Antonio Vivaldi (1678-1741), <em>Concerto en la majeur<\/em>, RV 82 (vers 1730)<\/p>\n\n\n\n<p id=\"block-500e5453-71ab-4a63-b5bf-adc069054150\">Mauro Giuliani (1781-1829), <em>Concerto no 1 pour guitare en la majeur<\/em>, op. 30 (1808)<\/p>\n\n\n\n<p id=\"block-13a35b70-6b01-4a95-a565-8e03f9b7375d\">Archangelo Corelli (1653-1713), <em>Concerto grosso<\/em> op. 6, no 8, \u00ab\u2009<em>Concerto pour la nuit de No\u00ebl<\/em>\u2009\u00bb (1690)<\/p>\n\n\n\n<p id=\"block-90a596f1-ad44-461e-af8f-5d53cb2fcc57\">Solo de guitare (surprise de Philippe Cornier)<\/p>\n\n\n\n<p id=\"block-09e170d3-0773-4fc8-b934-1f9476a106cb\">Antonio Vivaldi (1678-1741), <em>Concerto pour luth en r\u00e9 majeur<\/em>, RV 93 (1731)<\/p>\n\n\n\n<p id=\"block-4905f8b8-bcc8-4d06-83a8-c453d3e919ac\"><strong>Dur\u00e9e : 1 heure 30<\/strong><\/p>\n\n\n\n<hr class=\"wp-block-separator has-alpha-channel-opacity\" id=\"block-6d55eb98-2903-4cdd-a5a6-c9d79f0714c1\"\/>\n\n\n\n<figure class=\"wp-block-image\" id=\"block-b99e32a5-ebe5-44ab-88ed-db8441f74985\"><img src=\"http:\/\/latetdanslesetoiles.com\/wp-content\/uploads\/2023\/10\/affiche-A3-CANET-7SEPTEMBRE--728x1024.jpg\" alt=\"L\u2019attribut alt de cette image est vide, son nom de fichier est affiche-A3-CANET-7SEPTEMBRE--728x1024.jpg.\"\/><\/figure>\n\n\n\n<p id=\"block-73626658-d0d2-45ae-96b4-0535853a2564\"><a><strong>Jeudi, 7&nbsp;septembre&nbsp;2023<\/strong><\/a><\/p>\n\n\n\n<p id=\"block-be8fec2c-0b81-41a1-80ce-a3e5a7c4956a\">Canet-en-Roussillon, th\u00e9\u00e2tre Jean Piat, 21&nbsp;heures<\/p>\n\n\n\n<p id=\"block-76caf76e-9b5a-42fe-b57b-ce4bc62049a9\">Tarifs : de 20 \u00e0 25\u20ac<\/p>\n\n\n\n<figure class=\"wp-block-image\" id=\"block-30dc3b7c-632b-49b3-b077-7e8a78399417\"><img src=\"http:\/\/latetdanslesetoiles.com\/wp-content\/uploads\/2023\/07\/embruns-1024x591.png\" alt=\"L\u2019attribut alt de cette image est vide, son nom de fichier est embruns-1024x591.png.\"\/><\/figure>\n\n\n\n<h3 id=\"block-7f454a4e-7cbb-495c-9412-fa5a8418f2d5\"><strong>EMBRUNS DE PO\u00c9SIE<\/strong><\/h3>\n\n\n\n<p>Ce bloc contient du contenu non valide ou inattendu.<\/p>\n\n\n\n<p>Tentative de r\u00e9cup\u00e9ration du bloc<\/p>\n\n\n\n<p>La soprano Sarah Rodriguez, originaire des Pyr\u00e9n\u00e9es-Orientales, accompagne le festival depuis ses d\u00e9buts. Pour cette 6e \u00e9dition, elle revient accompagn\u00e9e de la pianiste \u00c9lisa Bellanger et du quatuor Numen, bas\u00e9 en Ille-et-Vilaine. Ces six interpr\u00e8tes se sont rencontr\u00e9s au P\u00f4le d\u2019Enseignement Sup\u00e9rieur du Spectacle Vivant Bretagne-Pays de Loire.<\/p>\n\n\n\n<p>Ce bloc contient du contenu non valide ou inattendu.<\/p>\n\n\n\n<p>Tentative de r\u00e9cup\u00e9ration du bloc<\/p>\n\n\n\n<p>Dans ce sextuor, un quatuor de saxophones remplace le quatuor \u00e0 cordes, r\u00e9affirmant ainsi la position du saxophone au sein du r\u00e9pertoire classique.<\/p>\n\n\n\n<p>Ce bloc contient du contenu non valide ou inattendu.<\/p>\n\n\n\n<p>Tentative de r\u00e9cup\u00e9ration du bloc<\/p>\n\n\n\n<p>La vaste palette de couleurs qu\u2019offre cette formation originale permet de r\u00e9explorer des th\u00e8mes fr\u00e9quents en po\u00e9sie. La mer est le th\u00e8me central de ce programme construit autour du Po\u00e8me de l&rsquo;Amour et de la Mer, d&rsquo;Ernest Chausson. Il nous entra\u00eene dans un voyage introspectif marqu\u00e9 de multiples \u00e9tats d\u2019\u00e2me allant de l\u2019angoisse \u00e0 la joie \u2014 une temp\u00eate d\u2019\u00e9motions.<\/p>\n\n\n\n<p id=\"block-585e9bf8-ff3e-474b-b1b3-7f1dab5f040b\"><strong>Interpr\u00e8tes<\/strong><\/p>\n\n\n\n<p id=\"block-76bcecb3-3c54-4acc-9ac7-bc1a2ed67a01\">Sarah Rodriguez, soprano<\/p>\n\n\n\n<p id=\"block-7bb802e3-2c00-4729-ba9a-7725ae53d51e\">\u00c9lisa Bellanger, piano<\/p>\n\n\n\n<p id=\"block-fe68b356-a8aa-4d31-bc13-fa53324d7cce\"><strong>Quatuor Numen<\/strong><\/p>\n\n\n\n<p id=\"block-8e26c72e-8b18-464e-a3ac-dfb1521d8392\">Ricardo Jasso, saxophone soprano<\/p>\n\n\n\n<p id=\"block-3996fef4-20e6-4b38-b43e-64273d1037f3\">Enzo Herczog, saxophone alto<\/p>\n\n\n\n<p id=\"block-73abf59e-2c3b-4438-a0e1-51add303d158\">Santiago Marti, saxophone t\u00e9nor<\/p>\n\n\n\n<p id=\"block-969d18fa-bb14-4513-a6f1-24ee1c9c3e05\">\u00c9tienne Boussard, saxophone baryton<\/p>\n\n\n\n<p id=\"block-1d734aa2-f277-435a-bac4-174666a5bb0f\"><strong>Programme<\/strong><\/p>\n\n\n\n<p id=\"block-ae731537-ce85-4a70-aaf4-c93611819da6\"><strong>Henri Duparc<\/strong>&nbsp;(1848-1933),&nbsp;<em>L\u2019Invitation au voyage<\/em>&nbsp;(1870), po\u00e8me de Charles Baudelaire<\/p>\n\n\n\n<p id=\"block-006174e3-f135-4854-90f1-56eb12310676\"><strong>Fernande Decruck<\/strong>&nbsp;(1896-1954),&nbsp;<em>Pavane<\/em>&nbsp;(1933)<\/p>\n\n\n\n<p id=\"block-270d8100-ad11-49f7-8f33-cca4d80c2347\"><strong>Ernest Chausson<\/strong>&nbsp;(1855-1899)<em>&nbsp;Po\u00e8me de l&rsquo;Amour et de la Mer<\/em>, op.&nbsp;19(1893), po\u00e8me de Maurice Bouchor<\/p>\n\n\n\n<p id=\"block-f8a7fbc8-378e-4710-acef-70f9f9b7091b\">I.&nbsp;&nbsp;&nbsp;&nbsp;&nbsp;La Fleur des eaux<\/p>\n\n\n\n<p id=\"block-536cff83-7ea2-4aeb-8ec9-910c9de0bba4\">II.&nbsp;&nbsp;&nbsp;&nbsp;&nbsp;&nbsp;Interlude<\/p>\n\n\n\n<p id=\"block-59917e81-e9c0-464c-bb10-6e56dd6d8b88\">III.&nbsp;&nbsp;&nbsp;&nbsp;&nbsp;La Mort de l&rsquo;amour<\/p>\n\n\n\n<p id=\"block-6c04e2fc-f966-49e1-8383-2aeafbf2b8be\"><strong>Maurice Ravel<\/strong>&nbsp;(1875-1937),&nbsp;<em>Trois chansons&nbsp;<\/em>(1915)<\/p>\n\n\n\n<p id=\"block-6041e3c6-9c9b-4953-82a4-8cfa1e236c77\"><strong>Henri Duparc<\/strong>&nbsp;(1848-1933),&nbsp;<em>Phidyl\u00e9,&nbsp;<\/em>(1919), po\u00e8me de Leconte de Lisle<\/p>\n\n\n\n<p id=\"block-721225c6-21cd-40be-8b67-278e5ab278a0\"><strong>Ernest Chausson<\/strong>&nbsp;(1855-1899),&nbsp;<em>Chanson perp\u00e9tuelle<\/em>&nbsp;(1898), po\u00e8me de Charles Cros<\/p>\n\n\n\n<p id=\"block-465eaf97-7329-4ea9-b29b-4360ff53fe41\"><strong>Dur\u00e9e : 1 heure 15<\/strong><\/p>\n\n\n\n<hr class=\"wp-block-separator has-alpha-channel-opacity\" id=\"block-61feae07-57c6-4a30-a062-4f2f907edcd3\"\/>\n\n\n\n<figure class=\"wp-block-image\" id=\"block-71e51e3f-f645-44cd-905e-85eab0cc0e01\"><img src=\"http:\/\/latetdanslesetoiles.com\/wp-content\/uploads\/2023\/10\/AfficheA3-Canet-728x1024.jpg\" alt=\"L\u2019attribut alt de cette image est vide, son nom de fichier est AfficheA3-Canet-728x1024.jpg.\"\/><\/figure>\n\n\n\n<p id=\"block-7c37a844-05e3-45a5-ae20-9db668181dc4\"><strong>Vendredi, 8&nbsp;septembre&nbsp;2023<\/strong><\/p>\n\n\n\n<p id=\"block-0a3ac3db-1f65-4eea-8d33-0d5223c795e7\">Canet-en-Roussillon, th\u00e9\u00e2tre Jean Piat, 21&nbsp;heures<\/p>\n\n\n\n<p id=\"block-cf2db96e-8e8f-4859-840c-a371c9ede002\">Tarifs : de 15 \u00e0 20\u20ac<\/p>\n\n\n\n<figure class=\"wp-block-image\" id=\"block-74ad4460-f31d-4416-9749-d7901f270176\"><img src=\"http:\/\/latetdanslesetoiles.com\/wp-content\/uploads\/2023\/07\/Sans-titre-2-1024x708.jpg\" alt=\"L\u2019attribut alt de cette image est vide, son nom de fichier est Sans-titre-2-1024x708.jpg.\"\/><\/figure>\n\n\n\n<h3 id=\"block-2d4ed771-2b4b-455c-8324-5cd7a062286a\"><strong>CABARET SONGS PARIS&nbsp;1919 &#8211; BERLIN&nbsp;1933<\/strong><\/h3>\n\n\n\n<p>Ce bloc contient du contenu non valide ou inattendu.<\/p>\n\n\n\n<p>Tentative de r\u00e9cup\u00e9ration du bloc<\/p>\n\n\n\n<p>Passionn\u00e9 par l\u2019esth\u00e9tique du d\u00e9but du XX<sup>e<\/sup>&nbsp;si\u00e8cle, le duo strasbourgeois&nbsp;<strong>Absinthes<\/strong>&nbsp;nous invite \u00e0 un voyage entre Paris et Berlin, dans l\u2019atmosph\u00e8re \u00e9quivoque des&nbsp;<strong>cabarets de l\u2019entre-deux-guerres<\/strong>.<\/p>\n\n\n\n<p>Ce bloc contient du contenu non valide ou inattendu.<\/p>\n\n\n\n<p>Tentative de r\u00e9cup\u00e9ration du bloc<\/p>\n\n\n\n<p>Cette p\u00e9riode correspond au deuxi\u00e8me \u00e2ge d\u2019or des cabarets. Le jazz d\u00e9barque en Europe, influen\u00e7ant jusqu\u2019aux compositeurs classiques. On \u00e9crit des chansons sur des rythmes de tango ou de fox-trot. \u00c0 Berlin, Kurt Weill et Bertold Brecht perfectionnent le song, ballade chant\u00e9e acide et sarcastique.<\/p>\n\n\n\n<p>Ce bloc contient du contenu non valide ou inattendu.<\/p>\n\n\n\n<p>Tentative de r\u00e9cup\u00e9ration du bloc<\/p>\n\n\n\n<p>Le duo Absinthes fait revivre cette \u00e9poque \u00e0 travers un r\u00e9pertoire tour \u00e0 tour empreint de frivolit\u00e9, de charme et de causticit\u00e9. Il en profite pour dresser le portrait d\u2019une f\u00e9minit\u00e9 multiple, moderne, affirm\u00e9e et excentrique.<\/p>\n\n\n\n<p id=\"block-8dfae44e-d9ec-4d49-8794-d1f163c01281\"><strong>Interpr\u00e8tes<\/strong><\/p>\n\n\n\n<p id=\"block-e9fc5b49-95ac-492a-8287-d4db2a917349\"><strong>Duo Absinthes<\/strong><\/p>\n\n\n\n<p id=\"block-bc682e84-1c37-423d-a82d-d41400e2355e\">Motoko Harunari, piano<br>Clarissa Worsdale, soprano<br>\ufeff<\/p>\n\n\n\n<p id=\"block-f6be4280-4339-429c-9ad6-92ab3311886d\"><strong>Programme<\/strong><\/p>\n\n\n\n<p id=\"block-244440cb-5879-49c3-96b3-373bffcc4301\">Kurt Weill (1900-1950), <em>Je ne t\u2019aime pas<\/em> (1934), <em>Bilbao Song<\/em> (1929 ; paroles ajout\u00e9es par Boris Vian<\/p>\n\n\n\n<p id=\"block-bc954f96-2061-4ff1-afda-bb51fa7504db\">en 1958), <em>Barbara Song<\/em> (1935), <em>September Song<\/em> (1938)<\/p>\n\n\n\n<p id=\"block-a28dede1-c1b7-448e-a45d-de8cc153af8e\">Leonello Casucci (1885-1975), <em>C\u2019est mon gigolo<\/em> (1928)<\/p>\n\n\n\n<p id=\"block-15449c0d-ae67-4cf6-832c-f22af68d2042\">Louiguy (1916-1991), <em>Gin Fizz<\/em> (1952)<\/p>\n\n\n\n<p id=\"block-94d4502a-5fce-4144-b2bc-7d7c63f09dc9\">Darius Milhaud (1892-1974<em>), Caramel mou<\/em> (1920)<\/p>\n\n\n\n<p id=\"block-b4ba58bd-1943-42ff-ad81-835c80b69221\">Rapha\u00ebl (Ralph) Carcel (?-1968), <em>Le Tango stup\u00e9fiant<\/em> (1936)<\/p>\n\n\n\n<p id=\"block-f6370616-b88f-4e2a-a80f-23759b39a9fd\">Juliette Noureddine (n\u00e9e en 1962), <em>Veuve noire<\/em><\/p>\n\n\n\n<p id=\"block-e1631305-9e25-40c8-b7b1-295773c4aabf\">Mischa Spoliansky (1898-1985), <em>Ich bin ein Vamp !<\/em> (1933), <em>Das Lila-Lied<\/em> (1920)<\/p>\n\n\n\n<p id=\"block-4ba28787-79a4-4df4-a9d2-654d6b9db8f7\">Friedrich Hollaender (1996-1976<em>), Cocktail Song<\/em> (1931), <em>M\u00fcnchhausen<\/em> (1931), <em>Fox macabre<\/em> (1920),<\/p>\n\n\n\n<p id=\"block-d75ad565-ad58-4553-94ab-123931213d8c\"><em>Raus mit den M\u00e4nner<\/em>n!<\/p>\n\n\n\n<p id=\"block-13e79617-3961-46bb-be34-1c22f3fe108e\">Michael Jary (1906-1988), <em>Er hei\u00dft Waldemar<\/em> (1940)<\/p>\n\n\n\n<p id=\"block-09196df6-5c5b-42fe-a741-1e0c8d7ba2cf\"><strong><em>Dur\u00e9e : 1 heure 15<\/em><\/strong><\/p>\n\n\n\n<p id=\"block-34a6f53b-5d27-4bb4-b09d-ee5f6d0911b2\"><strong>Vid\u00e9o&nbsp;:<\/strong> le duo Absinthes interpr\u00e8te <em>Le Tango stup\u00e9fiant<\/em><\/p>\n\n\n\n<p>\ufeff<\/p>\n\n\n\n<p><\/p>\n","protected":false},"excerpt":{"rendered":"<p>Dimanche, 3&nbsp;septembre Angoustrine-Villeneuve-des-Escaldes, \u00e9glise paroissiale Saint-Andr\u00e9, 17&nbsp;heures Tarifs : de 12 \u00e0<a class=\"blog-post-excerpt-more\" href=\"https:\/\/latetdanslesetoiles.com\/index.php\/6e-edition-2\/\" rel=\"bookmark\"><i class=\"fa fa-angle-double-right\"><\/i><\/a><\/p>\n","protected":false},"author":1,"featured_media":0,"parent":0,"menu_order":0,"comment_status":"closed","ping_status":"closed","template":"","meta":[],"_links":{"self":[{"href":"https:\/\/latetdanslesetoiles.com\/index.php\/wp-json\/wp\/v2\/pages\/1536"}],"collection":[{"href":"https:\/\/latetdanslesetoiles.com\/index.php\/wp-json\/wp\/v2\/pages"}],"about":[{"href":"https:\/\/latetdanslesetoiles.com\/index.php\/wp-json\/wp\/v2\/types\/page"}],"author":[{"embeddable":true,"href":"https:\/\/latetdanslesetoiles.com\/index.php\/wp-json\/wp\/v2\/users\/1"}],"replies":[{"embeddable":true,"href":"https:\/\/latetdanslesetoiles.com\/index.php\/wp-json\/wp\/v2\/comments?post=1536"}],"version-history":[{"count":1,"href":"https:\/\/latetdanslesetoiles.com\/index.php\/wp-json\/wp\/v2\/pages\/1536\/revisions"}],"predecessor-version":[{"id":1537,"href":"https:\/\/latetdanslesetoiles.com\/index.php\/wp-json\/wp\/v2\/pages\/1536\/revisions\/1537"}],"wp:attachment":[{"href":"https:\/\/latetdanslesetoiles.com\/index.php\/wp-json\/wp\/v2\/media?parent=1536"}],"curies":[{"name":"wp","href":"https:\/\/api.w.org\/{rel}","templated":true}]}}