{"id":18,"date":"2019-02-12T12:22:16","date_gmt":"2019-02-12T11:22:16","guid":{"rendered":"http:\/\/latetdanslesetoiles.com\/?page_id=18"},"modified":"2022-07-28T15:23:04","modified_gmt":"2022-07-28T13:23:04","slug":"a-propos","status":"publish","type":"page","link":"https:\/\/latetdanslesetoiles.com\/index.php\/a-propos\/","title":{"rendered":"\u00e0 PROPOS"},"content":{"rendered":"\n<h1>Le mot du directeur artistique<\/h1>\n\n\n\n<blockquote class=\"wp-block-quote\"><p>\u00ab\u00a0<em>La l\u00e9gende finit toujours par avoir raison contre l&rsquo;histoire, et la cr\u00e9ation du mythe<\/em> <em>est la victoire supr\u00eame de l&rsquo;art.<\/em>\u00a0\u00bb Emmanuel Buenzod<\/p><\/blockquote>\n\n\n\n<p>En 2022,\u00a0La T\u00eat dans les \u00c9toiles\u00a0s\u2019attachera, comme chaque ann\u00e9e, \u00e0 cr\u00e9er les conditions d\u2019un \u00e9gal acc\u00e8s pour toutes et tous et ainsi permettre une ouverture et un partage collectif autour de ce qu\u2019\u00e9voque pour nous l&rsquo;itin\u00e9rance des arts : partir, subir, choisir, d\u00e9couvrir, souffrir, s\u2019enrichir de l\u2019autre, grandir ensemble\u2026 Chacune, chacun pourra explorer, se projeter, s\u2019interroger sur ce qu\u2019apporte l&rsquo;art vivant \u00e0 la vie dans la cit\u00e9. L\u2019art vivant n\u2019est-il pas, en effet, ce double mouvement vers un ailleurs mais \u00e9galement vers soi ?<br>La T\u00eat dans les \u00c9toiles, dont la sp\u00e9cificit\u00e9 est de faire d\u00e9couvrir, d\u2019abord s\u00e9par\u00e9ment, puis tous ensemble, les arts qui font l\u2019op\u00e9ra, mettra cette ann\u00e9e l\u2019accent sur la source et l\u2019embouchure de la T\u00eat. Cette 5e \u00e9dition sera l\u2019occasion de rendre hommage \u00e0 la musique de chambre et de d\u00e9couvrir de superbes duos. Des artistes habitu\u00e9s et de nouveaux venus nous font l\u2019honneur de venir r\u00e9galer vos oreilles. Vous pourrez assister \u00e0 une rencontre au sommet entre le violoniste\u00a0Alain Moglia\u00a0et la pianiste\u00a0Ang\u00e9line Pondepeyre, d\u00e9couvrir le duo form\u00e9 par la jeune soprano\u00a0Sarah Rodriguez\u00a0et le fl\u00fbtiste\u00a0Paul Gil\u00a0et retrouver l\u2019Op\u00e9ra Volubilis Orquestra. Lors de la derni\u00e8re \u00e9tape, ce sera la f\u00eate avec\u00a0<em>Offenbach en folie,<\/em>\u00a0un spectacle rappelant les origines th\u00e9\u00e2trales de l\u2019op\u00e9ra. Instruments, voix et th\u00e9\u00e2tre seront r\u00e9unis pour le meilleur\u2026 et rien que pour le meilleur\u2009!<\/p>\n\n\n\n<p class=\"has-text-align-right\"><strong>Karim Arrim<\/strong><br><em>Directeur Fondateur<\/em><\/p>\n\n\n\n<hr class=\"wp-block-separator\"\/>\n\n\n\n<h2 class=\"has-cyan-bluish-gray-color has-text-color\">Qu\u2019est-ce que <strong>La T\u00eat dans les \u00c9toiles<\/strong>&nbsp;?<\/h2>\n\n\n\n<p class=\"has-background has-cyan-bluish-gray-background-color\"><strong>La T\u00eat dans les \u00c9toiles <\/strong>est un festival pas comme les autres qui se distingue par son itin\u00e9rance et sa pluridisciplinarit\u00e9.<strong>Pluridisciplinarit\u00e9<\/strong>, parce que son but est de promouvoir un art interdisciplinaire, l\u2019<strong>op\u00e9ra<\/strong>, qui na\u00eet de la fusion de plusieurs formes d\u2019art&nbsp;: le <strong>th\u00e9\u00e2tre<\/strong>, la <strong>musique<\/strong>, le <strong>chant<\/strong>, la <strong>danse<\/strong>, les <strong>arts plastiques<\/strong>. Spectacle ambitieux, complexe, l\u2019op\u00e9ra impressionne, intimide m\u00eames certains spectateurs, qui n\u2019osent pas s\u2019y frotter. Pour mieux appr\u00e9hender cet art complexe, <strong>La T\u00eat dans les \u00c9toiles<\/strong> fait le pari de le d\u00e9composer, ou plut\u00f4t de d\u00e9couvrir pas \u00e0 pas les diff\u00e9rents arts qui le composent.<br>Pour ce faire, <strong>La T\u00eat dans les \u00c9toiles<\/strong> a fait le choix de l\u2019<strong>itin\u00e9rance <\/strong>et propose aux spectateurs d\u2019aller \u00e0 la rencontre de ces diff\u00e9rents arts lors d\u2019\u00e9tapes situ\u00e9es <strong>le long de la T\u00eat<\/strong>.<br>Chaque \u00e9tape est d\u00e9di\u00e9e \u00e0 un art pr\u00e9sent\u00e9 isol\u00e9ment. De la source \u00e0 l\u2019embouchure du fleuve, les arts s\u2019ajoutent un \u00e0 un au cours du festival qui est aussi le cours de l\u2019eau. Cette itin\u00e9rance illustre le fait que, de m\u00eame que les gouttes d\u2019eau et les affluents se jettent un \u00e0 un dans le fleuve qui d\u00e9bouche \u00e0 son tour dans la mer, de m\u00eame tous ces arts doivent se fondre les uns dans les autres pour former l\u2019op\u00e9ra. Lors de la derni\u00e8re \u00e9tape du festival, ils s\u2019unissent et se conjuguent pour donner \u00e0 voir et \u00e0 entendre, dans toute sa puissance et sa richesse, cet art total qu\u2019est l\u2019op\u00e9ra.<\/p>\n","protected":false},"excerpt":{"rendered":"<p>Le mot du directeur artistique \u00ab\u00a0La l\u00e9gende finit toujours par avoir raison<a class=\"blog-post-excerpt-more\" href=\"https:\/\/latetdanslesetoiles.com\/index.php\/a-propos\/\" rel=\"bookmark\"><i class=\"fa fa-angle-double-right\"><\/i><\/a><\/p>\n","protected":false},"author":1,"featured_media":0,"parent":0,"menu_order":0,"comment_status":"closed","ping_status":"closed","template":"page-templates\/page-full-width-narrow.php","meta":[],"_links":{"self":[{"href":"https:\/\/latetdanslesetoiles.com\/index.php\/wp-json\/wp\/v2\/pages\/18"}],"collection":[{"href":"https:\/\/latetdanslesetoiles.com\/index.php\/wp-json\/wp\/v2\/pages"}],"about":[{"href":"https:\/\/latetdanslesetoiles.com\/index.php\/wp-json\/wp\/v2\/types\/page"}],"author":[{"embeddable":true,"href":"https:\/\/latetdanslesetoiles.com\/index.php\/wp-json\/wp\/v2\/users\/1"}],"replies":[{"embeddable":true,"href":"https:\/\/latetdanslesetoiles.com\/index.php\/wp-json\/wp\/v2\/comments?post=18"}],"version-history":[{"count":13,"href":"https:\/\/latetdanslesetoiles.com\/index.php\/wp-json\/wp\/v2\/pages\/18\/revisions"}],"predecessor-version":[{"id":1256,"href":"https:\/\/latetdanslesetoiles.com\/index.php\/wp-json\/wp\/v2\/pages\/18\/revisions\/1256"}],"wp:attachment":[{"href":"https:\/\/latetdanslesetoiles.com\/index.php\/wp-json\/wp\/v2\/media?parent=18"}],"curies":[{"name":"wp","href":"https:\/\/api.w.org\/{rel}","templated":true}]}}