{"id":352,"date":"2019-09-21T10:35:23","date_gmt":"2019-09-21T08:35:23","guid":{"rendered":"http:\/\/latetdanslesetoiles.com\/?page_id=352"},"modified":"2025-07-09T08:58:14","modified_gmt":"2025-07-09T06:58:14","slug":"galerie-photos","status":"publish","type":"page","link":"https:\/\/latetdanslesetoiles.com\/index.php\/galerie-photos\/","title":{"rendered":"GALERIE PHOTOS"},"content":{"rendered":"\n<p class=\"has-large-font-size\">La T\u00eat dans les \u00e9toiles &#8211; 8e \u00e9dition<\/p>\n\n\n\n<p class=\"has-medium-font-size\"><strong>\u00ab\u00a0Strampalati\u00a0\u00bb\u00a0<\/strong><em>Commedia\u00a0circassienne sur un air d\u2019Italie\u2026<\/em> Canet-en-Roussillon  &#8211; 6\/09\/2025<\/p>\n\n\n\n<figure class=\"wp-container-2 wp-block-gallery-1 wp-block-gallery has-nested-images columns-default is-cropped\">\n<figure class=\"wp-block-image size-large\"><img loading=\"lazy\" width=\"1024\" height=\"512\" data-id=\"1613\"  src=\"http:\/\/latetdanslesetoiles.com\/wp-content\/uploads\/2025\/07\/circ-hulon9-1024x512.png\" alt=\"\" class=\"wp-image-1613\" srcset=\"https:\/\/latetdanslesetoiles.com\/wp-content\/uploads\/2025\/07\/circ-hulon9-1024x512.png 1024w, https:\/\/latetdanslesetoiles.com\/wp-content\/uploads\/2025\/07\/circ-hulon9-300x150.png 300w, https:\/\/latetdanslesetoiles.com\/wp-content\/uploads\/2025\/07\/circ-hulon9-768x384.png 768w, https:\/\/latetdanslesetoiles.com\/wp-content\/uploads\/2025\/07\/circ-hulon9.png 1200w\" sizes=\"(max-width: 1024px) 100vw, 1024px\" \/><\/figure>\n\n\n\n<figure class=\"wp-block-image size-large\"><img loading=\"lazy\" width=\"1024\" height=\"512\" data-id=\"1611\"  src=\"http:\/\/latetdanslesetoiles.com\/wp-content\/uploads\/2025\/07\/circ-hulon7-1024x512.png\" alt=\"\" class=\"wp-image-1611\" srcset=\"https:\/\/latetdanslesetoiles.com\/wp-content\/uploads\/2025\/07\/circ-hulon7-1024x512.png 1024w, https:\/\/latetdanslesetoiles.com\/wp-content\/uploads\/2025\/07\/circ-hulon7-300x150.png 300w, https:\/\/latetdanslesetoiles.com\/wp-content\/uploads\/2025\/07\/circ-hulon7-768x384.png 768w, https:\/\/latetdanslesetoiles.com\/wp-content\/uploads\/2025\/07\/circ-hulon7.png 1200w\" sizes=\"(max-width: 1024px) 100vw, 1024px\" \/><\/figure>\n\n\n\n<figure class=\"wp-block-image size-large\"><img loading=\"lazy\" width=\"1024\" height=\"512\" data-id=\"1610\"  src=\"http:\/\/latetdanslesetoiles.com\/wp-content\/uploads\/2025\/07\/circ-hulon6-1024x512.png\" alt=\"\" class=\"wp-image-1610\" srcset=\"https:\/\/latetdanslesetoiles.com\/wp-content\/uploads\/2025\/07\/circ-hulon6-1024x512.png 1024w, https:\/\/latetdanslesetoiles.com\/wp-content\/uploads\/2025\/07\/circ-hulon6-300x150.png 300w, https:\/\/latetdanslesetoiles.com\/wp-content\/uploads\/2025\/07\/circ-hulon6-768x384.png 768w, https:\/\/latetdanslesetoiles.com\/wp-content\/uploads\/2025\/07\/circ-hulon6.png 1200w\" sizes=\"(max-width: 1024px) 100vw, 1024px\" \/><\/figure>\n\n\n\n<figure class=\"wp-block-image size-large\"><img loading=\"lazy\" width=\"1024\" height=\"512\" data-id=\"1609\"  src=\"http:\/\/latetdanslesetoiles.com\/wp-content\/uploads\/2025\/07\/circ-hulon5-1024x512.png\" alt=\"\" class=\"wp-image-1609\" srcset=\"https:\/\/latetdanslesetoiles.com\/wp-content\/uploads\/2025\/07\/circ-hulon5-1024x512.png 1024w, https:\/\/latetdanslesetoiles.com\/wp-content\/uploads\/2025\/07\/circ-hulon5-300x150.png 300w, https:\/\/latetdanslesetoiles.com\/wp-content\/uploads\/2025\/07\/circ-hulon5-768x384.png 768w, https:\/\/latetdanslesetoiles.com\/wp-content\/uploads\/2025\/07\/circ-hulon5.png 1200w\" sizes=\"(max-width: 1024px) 100vw, 1024px\" \/><\/figure>\n<\/figure>\n\n\n\n<p><\/p>\n\n\n\n<figure class=\"wp-container-4 wp-block-gallery-3 wp-block-gallery has-nested-images columns-default is-cropped\"><\/figure>\n","protected":false},"excerpt":{"rendered":"<p>La T\u00eat dans les \u00e9toiles &#8211; 8e \u00e9dition \u00ab\u00a0Strampalati\u00a0\u00bb\u00a0Commedia\u00a0circassienne sur un air<a class=\"blog-post-excerpt-more\" href=\"https:\/\/latetdanslesetoiles.com\/index.php\/galerie-photos\/\" rel=\"bookmark\"><i class=\"fa fa-angle-double-right\"><\/i><\/a><\/p>\n","protected":false},"author":1,"featured_media":1621,"parent":0,"menu_order":0,"comment_status":"closed","ping_status":"closed","template":"","meta":[],"_links":{"self":[{"href":"https:\/\/latetdanslesetoiles.com\/index.php\/wp-json\/wp\/v2\/pages\/352"}],"collection":[{"href":"https:\/\/latetdanslesetoiles.com\/index.php\/wp-json\/wp\/v2\/pages"}],"about":[{"href":"https:\/\/latetdanslesetoiles.com\/index.php\/wp-json\/wp\/v2\/types\/page"}],"author":[{"embeddable":true,"href":"https:\/\/latetdanslesetoiles.com\/index.php\/wp-json\/wp\/v2\/users\/1"}],"replies":[{"embeddable":true,"href":"https:\/\/latetdanslesetoiles.com\/index.php\/wp-json\/wp\/v2\/comments?post=352"}],"version-history":[{"count":17,"href":"https:\/\/latetdanslesetoiles.com\/index.php\/wp-json\/wp\/v2\/pages\/352\/revisions"}],"predecessor-version":[{"id":1623,"href":"https:\/\/latetdanslesetoiles.com\/index.php\/wp-json\/wp\/v2\/pages\/352\/revisions\/1623"}],"wp:featuredmedia":[{"embeddable":true,"href":"https:\/\/latetdanslesetoiles.com\/index.php\/wp-json\/wp\/v2\/media\/1621"}],"wp:attachment":[{"href":"https:\/\/latetdanslesetoiles.com\/index.php\/wp-json\/wp\/v2\/media?parent=352"}],"curies":[{"name":"wp","href":"https:\/\/api.w.org\/{rel}","templated":true}]}}