{"id":52,"date":"2019-02-12T13:34:30","date_gmt":"2019-02-12T12:34:30","guid":{"rendered":"http:\/\/latetdanslesetoiles.com\/?page_id=52"},"modified":"2026-02-14T11:22:28","modified_gmt":"2026-02-14T10:22:28","slug":"contact","status":"publish","type":"page","link":"https:\/\/latetdanslesetoiles.com\/index.php\/contact\/","title":{"rendered":"Contact"},"content":{"rendered":"\n<h3><strong>LA T\u00caT DANS LES \u00c9TOILES<\/strong><br>20 rue du Muscat<br>66140 CANET-EN-ROUSSILLON<br>T\u00e9l.: 04 68 73 49 89 &#8211; 06 31 01 14 81<\/h3>\n\n\n\n<h2 class=\"has-text-align-left\"><strong>Pour tous renseignements <\/strong><br><strong>vous pouvez nous contacter via le<\/strong><br><strong>formulaire ci-dessous : <\/strong><\/h2>\n\n\n\n\n<div class=\"wpcf7 no-js\" id=\"wpcf7-f10-o1\" lang=\"fr-FR\" dir=\"ltr\">\n<div class=\"screen-reader-response\"><p role=\"status\" aria-live=\"polite\" aria-atomic=\"true\"><\/p> <ul><\/ul><\/div>\n<form action=\"\/index.php\/wp-json\/wp\/v2\/pages\/52#wpcf7-f10-o1\" method=\"post\" class=\"wpcf7-form init\" aria-label=\"Formulaire de contact\" enctype=\"multipart\/form-data\" novalidate=\"novalidate\" data-status=\"init\">\n<div style=\"display: none;\">\n<input type=\"hidden\" name=\"_wpcf7\" value=\"10\" \/>\n<input type=\"hidden\" name=\"_wpcf7_version\" value=\"5.7.7\" \/>\n<input type=\"hidden\" name=\"_wpcf7_locale\" value=\"fr_FR\" \/>\n<input type=\"hidden\" name=\"_wpcf7_unit_tag\" value=\"wpcf7-f10-o1\" \/>\n<input type=\"hidden\" name=\"_wpcf7_container_post\" value=\"0\" \/>\n<input type=\"hidden\" name=\"_wpcf7_posted_data_hash\" value=\"\" \/>\n<\/div>\n<p><label> Votre nom (obligatoire)<br \/>\n<span class=\"wpcf7-form-control-wrap\" data-name=\"your-name\"><input size=\"40\" class=\"wpcf7-form-control wpcf7-text wpcf7-validates-as-required\" aria-required=\"true\" aria-invalid=\"false\" value=\"\" type=\"text\" name=\"your-name\" \/><\/span> <\/label>\n<\/p>\n<p><label> Votre adresse de messagerie (obligatoire)<br \/>\n<span class=\"wpcf7-form-control-wrap\" data-name=\"your-email\"><input size=\"40\" class=\"wpcf7-form-control wpcf7-text wpcf7-email wpcf7-validates-as-required wpcf7-validates-as-email\" aria-required=\"true\" aria-invalid=\"false\" value=\"\" type=\"email\" name=\"your-email\" \/><\/span> <\/label>\n<\/p>\n<p><label> Objet<br \/>\n<span class=\"wpcf7-form-control-wrap\" data-name=\"your-subject\"><input size=\"40\" class=\"wpcf7-form-control wpcf7-text\" aria-invalid=\"false\" value=\"\" type=\"text\" name=\"your-subject\" \/><\/span> <\/label>\n<\/p>\n<p><label> Votre message<br \/>\n<span class=\"wpcf7-form-control-wrap\" data-name=\"your-message\"><textarea cols=\"40\" rows=\"10\" class=\"wpcf7-form-control wpcf7-textarea\" aria-invalid=\"false\" name=\"your-message\"><\/textarea><\/span> <\/label>\n<\/p>\n<p><span class=\"wpcf7-form-control-wrap\" data-name=\"file-383\"><input size=\"40\" class=\"wpcf7-form-control wpcf7-file\" accept=\"audio\/*,video\/*,image\/*\" aria-invalid=\"false\" type=\"file\" name=\"file-383\" \/><\/span>\n<\/p>\n<p><input class=\"wpcf7-form-control has-spinner wpcf7-submit\" type=\"submit\" value=\"Envoyer\" \/>\n<\/p><input\n                    class=\"apbct_special_field apbct_email_id__wp_contact_form_7\"\n                    name=\"apbct__email_id__wp_contact_form_7\"\n                    aria-label=\"apbct__label_id__wp_contact_form_7\"\n                    type=\"text\" size=\"30\" maxlength=\"200\" autocomplete=\"off\"\n                    value=\"\"\n                \/><div class=\"wpcf7-response-output\" aria-hidden=\"true\"><\/div>\n<\/form>\n<\/div>\n\n\n\n\n<h2><strong>Contact direct :\ufeff<\/strong><\/h2>\n\n\n\n<p><strong>Infos :<\/strong><\/p>\n\n\n\n<p class=\"has-medium-font-size\"><a href=\"mailto:administration@latetdanslesetoiles.com\">administration@latetdanslesetoiles.com<\/a><\/p>\n\n\n\n<p><strong>Pr\u00e9sidente \/ Relations Publiques <\/strong>:<\/p>\n\n\n\n<p class=\"has-medium-font-size\"><a href=\"mailto:caly.christiane@latetdanslesetoiles.com\">caly.christiane@latetdanslesetoiles.com<\/a> <\/p>\n\n\n\n<p><strong>Directeur Fondateur&nbsp;<\/strong>:&nbsp;<\/p>\n\n\n\n<p class=\"has-medium-font-size\"><a href=\"mailto:karim.harrim@latetdanslesetoiles.com\">karim.arrim@latetdanslesetoiles.com<\/a> <\/p>\n\n\n\n<p><strong>Administratrice<\/strong>&nbsp;:<\/p>\n\n\n\n<p class=\"has-medium-font-size\"><a href=\"mailto:caly.muriel@latetdanslesetoiles.com\">caly.muriel@latetdanslesetoiles.com<\/a><\/p>\n\n\n\n<p><strong>Charg\u00e9e de l&rsquo;Astrolabe<\/strong>&nbsp;:&nbsp;<\/p>\n\n\n\n<p class=\"has-medium-font-size\"><a href=\"mailto:florence.guillemat-szarvas@latetdanslesetoiles.com\">florence.guillemat-szarvas@latetdanslesetoiles.com<\/a> <\/p>\n\n\n<div id=\"wpgmza_map\" class=\"wpgmza_map\" data-settings='{\"id\":\"1\",\"map_title\":\"La T\\u00eat dans les Etoiles\",\"map_width\":\"100\",\"map_height\":\"600\",\"map_start_lat\":\"42.677928\",\"map_start_lng\":\"3.216955\",\"map_start_location\":\"42.677928,3.2169549999999845\",\"map_start_zoom\":\"11\",\"default_marker\":\"0\",\"type\":\"1\",\"alignment\":\"2\",\"directions_enabled\":\"1\",\"styling_enabled\":\"0\",\"styling_json\":\"\",\"active\":\"0\",\"kml\":\"\",\"bicycle\":\"0\",\"traffic\":\"0\",\"dbox\":\"1\",\"dbox_width\":\"100\",\"listmarkers\":\"0\",\"listmarkers_advanced\":\"0\",\"filterbycat\":\"0\",\"ugm_enabled\":\"0\",\"ugm_category_enabled\":\"0\",\"fusion\":\"\",\"map_width_type\":\"\\\\%\",\"map_height_type\":\"px\",\"mass_marker_support\":\"1\",\"ugm_access\":\"0\",\"order_markers_by\":\"1\",\"order_markers_choice\":\"2\",\"show_user_location\":\"0\",\"default_to\":\"\",\"other_settings\":{\"store_locator_enabled\":2,\"store_locator_distance\":2,\"store_locator_default_radius\":\"10\",\"store_locator_not_found_message\":\"No results found in this location. Please try again.\",\"store_locator_bounce\":1,\"store_locator_query_string\":\"Code Postal \\\/ Adresse\",\"store_locator_default_address\":\"\",\"wpgmza_store_locator_restrict\":\"\",\"store_locator_style\":\"modern\",\"wpgmza_store_locator_radius_style\":\"modern\",\"map_max_zoom\":\"1\",\"transport_layer\":0,\"wpgmza_theme_data\":\"[{\\\\\\\"featureType\\\\\\\":\\\\\\\"landscape\\\\\\\",\\\\\\\"stylers\\\\\\\":[{\\\\\\\"saturation\\\\\\\":-100},{\\\\\\\"lightness\\\\\\\":65},{\\\\\\\"visibility\\\\\\\":\\\\\\\"on\\\\\\\"}]},{\\\\\\\"featureType\\\\\\\":\\\\\\\"poi\\\\\\\",\\\\\\\"stylers\\\\\\\":[{\\\\\\\"saturation\\\\\\\":-100},{\\\\\\\"lightness\\\\\\\":51},{\\\\\\\"visibility\\\\\\\":\\\\\\\"simplified\\\\\\\"}]},{\\\\\\\"featureType\\\\\\\":\\\\\\\"road.highway\\\\\\\",\\\\\\\"stylers\\\\\\\":[{\\\\\\\"saturation\\\\\\\":-100},{\\\\\\\"visibility\\\\\\\":\\\\\\\"simplified\\\\\\\"}]},{\\\\\\\"featureType\\\\\\\":\\\\\\\"road.arterial\\\\\\\",\\\\\\\"stylers\\\\\\\":[{\\\\\\\"saturation\\\\\\\":-100},{\\\\\\\"lightness\\\\\\\":30},{\\\\\\\"visibility\\\\\\\":\\\\\\\"on\\\\\\\"}]},{\\\\\\\"featureType\\\\\\\":\\\\\\\"road.local\\\\\\\",\\\\\\\"stylers\\\\\\\":[{\\\\\\\"saturation\\\\\\\":-100},{\\\\\\\"lightness\\\\\\\":40},{\\\\\\\"visibility\\\\\\\":\\\\\\\"on\\\\\\\"}]},{\\\\\\\"featureType\\\\\\\":\\\\\\\"transit\\\\\\\",\\\\\\\"stylers\\\\\\\":[{\\\\\\\"saturation\\\\\\\":-100},{\\\\\\\"visibility\\\\\\\":\\\\\\\"simplified\\\\\\\"}]},{\\\\\\\"featureType\\\\\\\":\\\\\\\"administrative.province\\\\\\\",\\\\\\\"stylers\\\\\\\":[{\\\\\\\"visibility\\\\\\\":\\\\\\\"off\\\\\\\"}]},{\\\\\\\"featureType\\\\\\\":\\\\\\\"water\\\\\\\",\\\\\\\"elementType\\\\\\\":\\\\\\\"labels\\\\\\\",\\\\\\\"stylers\\\\\\\":[{\\\\\\\"visibility\\\\\\\":\\\\\\\"on\\\\\\\"},{\\\\\\\"lightness\\\\\\\":-25},{\\\\\\\"saturation\\\\\\\":-100}]},{\\\\\\\"featureType\\\\\\\":\\\\\\\"water\\\\\\\",\\\\\\\"elementType\\\\\\\":\\\\\\\"geometry\\\\\\\",\\\\\\\"stylers\\\\\\\":[{\\\\\\\"hue\\\\\\\":\\\\\\\"#ffff00\\\\\\\"},{\\\\\\\"lightness\\\\\\\":-25},{\\\\\\\"saturation\\\\\\\":-97}]}]\",\"wpgmza_theme_selection\":3,\"wpgmza_show_points_of_interest\":1}}' data-map-id='1' Data-maps-engine='google-maps' data-shortcode-attributes='{\"id\":\"1\"}' style=\"display:block; overflow:auto; width:100%; height:600px; float:left;\"><\/div>\n","protected":false},"excerpt":{"rendered":"<p>LA T\u00caT DANS LES \u00c9TOILES20 rue du Muscat66140 CANET-EN-ROUSSILLONT\u00e9l.: 04 68 73<a class=\"blog-post-excerpt-more\" href=\"https:\/\/latetdanslesetoiles.com\/index.php\/contact\/\" rel=\"bookmark\"><i class=\"fa fa-angle-double-right\"><\/i><\/a><\/p>\n","protected":false},"author":1,"featured_media":1648,"parent":0,"menu_order":0,"comment_status":"closed","ping_status":"closed","template":"page-templates\/page-full-width.php","meta":[],"_links":{"self":[{"href":"https:\/\/latetdanslesetoiles.com\/index.php\/wp-json\/wp\/v2\/pages\/52"}],"collection":[{"href":"https:\/\/latetdanslesetoiles.com\/index.php\/wp-json\/wp\/v2\/pages"}],"about":[{"href":"https:\/\/latetdanslesetoiles.com\/index.php\/wp-json\/wp\/v2\/types\/page"}],"author":[{"embeddable":true,"href":"https:\/\/latetdanslesetoiles.com\/index.php\/wp-json\/wp\/v2\/users\/1"}],"replies":[{"embeddable":true,"href":"https:\/\/latetdanslesetoiles.com\/index.php\/wp-json\/wp\/v2\/comments?post=52"}],"version-history":[{"count":14,"href":"https:\/\/latetdanslesetoiles.com\/index.php\/wp-json\/wp\/v2\/pages\/52\/revisions"}],"predecessor-version":[{"id":1649,"href":"https:\/\/latetdanslesetoiles.com\/index.php\/wp-json\/wp\/v2\/pages\/52\/revisions\/1649"}],"wp:featuredmedia":[{"embeddable":true,"href":"https:\/\/latetdanslesetoiles.com\/index.php\/wp-json\/wp\/v2\/media\/1648"}],"wp:attachment":[{"href":"https:\/\/latetdanslesetoiles.com\/index.php\/wp-json\/wp\/v2\/media?parent=52"}],"curies":[{"name":"wp","href":"https:\/\/api.w.org\/{rel}","templated":true}]}}