{"id":60,"date":"2019-02-12T13:39:01","date_gmt":"2019-02-12T12:39:01","guid":{"rendered":"http:\/\/latetdanslesetoiles.com\/?page_id=60"},"modified":"2019-08-08T18:10:47","modified_gmt":"2019-08-08T16:10:47","slug":"dons","status":"publish","type":"page","link":"https:\/\/latetdanslesetoiles.com\/index.php\/dons\/","title":{"rendered":"Dons"},"content":{"rendered":"\n<h5><strong>En donnant , vous soutenez <\/strong>La T\u00eat dans les \u00e9toiles Festival<strong> et contribuez ainsi au d\u00e9veloppement et \u00e0 la p\u00e9rennit\u00e9 des arts lyriques<\/strong>.<\/h5>\n\n\n\n<h2><a href=\"http:\/\/latetdanslesetoiles.com\/wp-content\/uploads\/2019\/02\/bordereau-2019-1.pdf\" target=\"_blank\" rel=\"noreferrer noopener\" aria-label=\"T\u00e9l\u00e9charger le formulaire de don (s\u2019ouvre dans un nouvel onglet)\">T\u00e9l\u00e9charger le formulaire de don<\/a><\/h2>\n","protected":false},"excerpt":{"rendered":"<p>En donnant , vous soutenez La T\u00eat dans les \u00e9toiles Festival et<a class=\"blog-post-excerpt-more\" href=\"https:\/\/latetdanslesetoiles.com\/index.php\/dons\/\" rel=\"bookmark\"><i class=\"fa fa-angle-double-right\"><\/i><\/a><\/p>\n","protected":false},"author":1,"featured_media":0,"parent":0,"menu_order":0,"comment_status":"closed","ping_status":"closed","template":"page-templates\/page-full-width.php","meta":[],"_links":{"self":[{"href":"https:\/\/latetdanslesetoiles.com\/index.php\/wp-json\/wp\/v2\/pages\/60"}],"collection":[{"href":"https:\/\/latetdanslesetoiles.com\/index.php\/wp-json\/wp\/v2\/pages"}],"about":[{"href":"https:\/\/latetdanslesetoiles.com\/index.php\/wp-json\/wp\/v2\/types\/page"}],"author":[{"embeddable":true,"href":"https:\/\/latetdanslesetoiles.com\/index.php\/wp-json\/wp\/v2\/users\/1"}],"replies":[{"embeddable":true,"href":"https:\/\/latetdanslesetoiles.com\/index.php\/wp-json\/wp\/v2\/comments?post=60"}],"version-history":[{"count":5,"href":"https:\/\/latetdanslesetoiles.com\/index.php\/wp-json\/wp\/v2\/pages\/60\/revisions"}],"predecessor-version":[{"id":196,"href":"https:\/\/latetdanslesetoiles.com\/index.php\/wp-json\/wp\/v2\/pages\/60\/revisions\/196"}],"wp:attachment":[{"href":"https:\/\/latetdanslesetoiles.com\/index.php\/wp-json\/wp\/v2\/media?parent=60"}],"curies":[{"name":"wp","href":"https:\/\/api.w.org\/{rel}","templated":true}]}}