{"id":77,"date":"2019-02-12T14:02:54","date_gmt":"2019-02-12T13:02:54","guid":{"rendered":"http:\/\/latetdanslesetoiles.com\/?page_id=77"},"modified":"2022-07-29T16:00:58","modified_gmt":"2022-07-29T14:00:58","slug":"nos-artistes","status":"publish","type":"page","link":"https:\/\/latetdanslesetoiles.com\/index.php\/nos-artistes\/","title":{"rendered":"NOS ARTISTES"},"content":{"rendered":"\n<hr class=\"wp-block-separator has-text-color has-background has-very-dark-gray-background-color has-very-dark-gray-color\"\/>\n\n\n\n<h2 class=\"has-vivid-cyan-blue-color has-text-color\"><strong>Sarah Rodriguez<\/strong><\/h2>\n\n\n\n<figure class=\"wp-block-image size-large\"><img loading=\"lazy\" width=\"414\" height=\"397\" src=\"http:\/\/latetdanslesetoiles.com\/wp-content\/uploads\/2021\/08\/Sans-titre2.png\" alt=\"\" class=\"wp-image-1110\" srcset=\"https:\/\/latetdanslesetoiles.com\/wp-content\/uploads\/2021\/08\/Sans-titre2.png 414w, https:\/\/latetdanslesetoiles.com\/wp-content\/uploads\/2021\/08\/Sans-titre2-300x288.png 300w\" sizes=\"(max-width: 414px) 100vw, 414px\" \/><figcaption><strong><strong>Sarah Rodriguez<\/strong><\/strong>, soprano<\/figcaption><\/figure>\n\n\n<div align=\"justify\">\n<p>Sarah Rodriguez a chant\u00e9 d\u00e8s l&rsquo;\u00e2ge de neuf\u00a0ans au sein de la ma\u00eetrise de l&rsquo;op\u00e9ra de Gen\u00e8ve. Form\u00e9e ensuite \u00e0 l&rsquo;IRVEM et au CRR de Perpignan, elle a \u00e9tudi\u00e9 le chant lyrique, le r\u00e9pertoire de chambre et la com\u00e9die musicale. Elle a travaill\u00e9 le r\u00e9pertoire colorature et belcantiste aupr\u00e8s de Magali Bourgarel et la musique ancienne avec Isabelle Poulenard et Josep Cabr\u00e9. Apr\u00e8s deux ann\u00e9es au Centre de musique baroque de Versailles, elle vient de terminer son cursus DNSPM\/DE dans la classe de St\u00e9phanie d\u2019Oustrac, au sein du P\u00f4le d&rsquo;enseignement sup\u00e9rieur spectacle vivant Bretagne-Pays de Loire.\u00a0<\/p>\n<p>Sarah a remport\u00e9 un prix sp\u00e9cial Op\u00e9rette et le prix Offenbach du Concours international de voix lyrique de Lavaur. \u00c0 la sc\u00e8ne, elle a d\u00e9j\u00e0 interpr\u00e9t\u00e9 Douce (<em>Douce et Barbe-Bleue<\/em>), Beth (<em>Oliver Twist<\/em>), une musicienne\/une sultane (<em>L\u2019Europe galante<\/em>), Erigone (<em>Penth\u00e9e<\/em>). Elle a \u00e9galement particip\u00e9 \u00e0 divers projets d\u2019ensemble et d\u2019orchestre et \u00e0 chant\u00e9 en tant qu\u2019artiste des ch\u0153urs dans le cadre de la saison lyrique de Perpignan (<em>Die Zauberfl\u00f6te<\/em>, <em>Lakm\u00e9<\/em>, <em>La P\u00e9richole<\/em>, <em>La Fille du tambour-major<\/em>).<\/p>\n<p>Elle est artiste associ\u00e9e de l\u2019Op\u00e9ra Volubilis Orquestra et vient de fonder le <a href=\"https:\/\/cieyinyang.wixsite.com\/website\/%C3%A0-propos-de-nous-2\">duo Couleurs traversantes<\/a> avec le fl\u00fbtiste Paul Gil.<\/p>\n<\/div>\n\n\n<hr class=\"wp-block-separator\"\/>\n\n\n\n<hr class=\"wp-block-separator\"\/>\n","protected":false},"excerpt":{"rendered":"<p>Sarah Rodriguez Sarah Rodriguez a chant\u00e9 d\u00e8s l&rsquo;\u00e2ge de neuf\u00a0ans au sein<a class=\"blog-post-excerpt-more\" href=\"https:\/\/latetdanslesetoiles.com\/index.php\/nos-artistes\/\" rel=\"bookmark\"><i class=\"fa fa-angle-double-right\"><\/i><\/a><\/p>\n","protected":false},"author":1,"featured_media":0,"parent":0,"menu_order":0,"comment_status":"closed","ping_status":"closed","template":"page-templates\/page-full-width.php","meta":[],"_links":{"self":[{"href":"https:\/\/latetdanslesetoiles.com\/index.php\/wp-json\/wp\/v2\/pages\/77"}],"collection":[{"href":"https:\/\/latetdanslesetoiles.com\/index.php\/wp-json\/wp\/v2\/pages"}],"about":[{"href":"https:\/\/latetdanslesetoiles.com\/index.php\/wp-json\/wp\/v2\/types\/page"}],"author":[{"embeddable":true,"href":"https:\/\/latetdanslesetoiles.com\/index.php\/wp-json\/wp\/v2\/users\/1"}],"replies":[{"embeddable":true,"href":"https:\/\/latetdanslesetoiles.com\/index.php\/wp-json\/wp\/v2\/comments?post=77"}],"version-history":[{"count":41,"href":"https:\/\/latetdanslesetoiles.com\/index.php\/wp-json\/wp\/v2\/pages\/77\/revisions"}],"predecessor-version":[{"id":1261,"href":"https:\/\/latetdanslesetoiles.com\/index.php\/wp-json\/wp\/v2\/pages\/77\/revisions\/1261"}],"wp:attachment":[{"href":"https:\/\/latetdanslesetoiles.com\/index.php\/wp-json\/wp\/v2\/media?parent=77"}],"curies":[{"name":"wp","href":"https:\/\/api.w.org\/{rel}","templated":true}]}}